{"id":2021,"date":"2025-10-15T09:22:37","date_gmt":"2025-10-15T09:22:37","guid":{"rendered":"https:\/\/hims.ee\/loppkoostamine\/"},"modified":"2026-02-05T20:40:14","modified_gmt":"2026-02-05T20:40:14","slug":"loppkoostamine","status":"publish","type":"page","link":"https:\/\/hims.ee\/fi\/loppkoostamine\/","title":{"rendered":"Loppukokoonpano"},"content":{"rendered":"<div class=\"et_pb_section_0 et_pb_section et_section_regular et_block_section\">\n<div class=\"et_pb_row_0 et_pb_row et_block_row\">\n<div class=\"et_pb_column_0 et_pb_column et_pb_column_4_4 et-last-child et_block_column et_pb_css_mix_blend_mode_passthrough\">\n<div class=\"et_pb_code_0 et_pb_code et_pb_module\"><div class=\"et_pb_code_inner\"><div class=\"video-hero\">\n  <iframe loading=\"lazy\"\n    width=\"560\"\n    height=\"315\"\n    src=\"https:\/\/www.youtube.com\/embed\/XFmVewfp1nY?rel=0&modestbranding=1&controls=1&fs=1&disablekb=1&playsinline=1&iv_load_policy=3&autoplay=1&mute=1&loop=1\"\n    title=\"Video\"\n    referrerpolicy=\"strict-origin-when-cross-origin\"\n    allow=\"autoplay; clipboard-write; encrypted-media; gyroscope; picture-in-picture; web-share\"\n    allowfullscreen\n    style=\"width:100%;aspect-ratio:16\/9;border:0\"\n  ><\/iframe>\n<\/div>\n<\/div><\/div>\n\n<div class=\"et_pb_divider_0 et_pb_divider et_pb_space et_pb_divider_position_top et_pb_module\"><div class=\"et_pb_divider_internal\"><\/div><\/div>\n\n<div class=\"et_pb_text_0 et_pb_text et_pb_bg_layout_light et_pb_module et_block_module\"><div class=\"et_pb_text_inner\"><h3>Loppukokoonpano P\u00e4ri-yksik\u00f6ss\u00e4<\/h3>\n<p>P\u00e4rin yksikk\u00f6 on varustettu loppukokoonpanoon tarvittavalla nosto- ja tuotantokapasiteetilla, mik\u00e4 mahdollistaa suurikokoisten metallirakenteiden ja laitteiden kokoonpanon.<\/p>\n<p>Kokoonpanohallien <strong>maksiminen nostokapasiteetti on jopa 20 tonnia<\/strong>, ja alueella voidaan suorittaa lastauksia <strong>jopa 5,7 tonnin<\/strong> haarukkatrukilla.<\/p>\n<p>Luotettavuuden ja tarkkuuden varmistavat <strong>kiinte\u00e4 hydrauliikkavoimayksikk\u00f6 (350 bar \/ 300 L\/min)<\/strong>, <strong>hydrauliputkien taivutuskone \u00d842 saakka<\/strong>, <strong>letkupuristin<\/strong> sek\u00e4 <strong>Walform-putkenp\u00e4iden muovauspuristin<\/strong>.<\/p>\n<p>Lis\u00e4ksi k\u00e4ytett\u00e4viss\u00e4 on kaikki tarvittava kalusto mekaaniseen, hydrauliseen ja s\u00e4hk\u00f6iseen kokoonpanoon sek\u00e4 j\u00e4rjestelmien testaukseen.<\/p>\n<p>P\u00e4rin tuotantoymp\u00e4rist\u00f6 on suunniteltu tukemaan suurten projektien loppukokoonpanoa, jossa korostuvat tarkkuus, ty\u00f6turvallisuus sek\u00e4 tehokas yhteisty\u00f6 tuotantovaiheiden v\u00e4lill\u00e4.<\/p>\n<\/div><\/div>\n<\/div>\n<\/div>\n<\/div>","protected":false},"excerpt":{"rendered":"","protected":false},"author":1,"featured_media":0,"parent":0,"menu_order":0,"comment_status":"closed","ping_status":"closed","template":"","meta":{"footnotes":""},"class_list":["post-2021","page","type-page","status-publish","hentry"],"_links":{"self":[{"href":"https:\/\/hims.ee\/fi\/wp-json\/wp\/v2\/pages\/2021","targetHints":{"allow":["GET"]}}],"collection":[{"href":"https:\/\/hims.ee\/fi\/wp-json\/wp\/v2\/pages"}],"about":[{"href":"https:\/\/hims.ee\/fi\/wp-json\/wp\/v2\/types\/page"}],"author":[{"embeddable":true,"href":"https:\/\/hims.ee\/fi\/wp-json\/wp\/v2\/users\/1"}],"replies":[{"embeddable":true,"href":"https:\/\/hims.ee\/fi\/wp-json\/wp\/v2\/comments?post=2021"}],"version-history":[{"count":4,"href":"https:\/\/hims.ee\/fi\/wp-json\/wp\/v2\/pages\/2021\/revisions"}],"predecessor-version":[{"id":2195,"href":"https:\/\/hims.ee\/fi\/wp-json\/wp\/v2\/pages\/2021\/revisions\/2195"}],"wp:attachment":[{"href":"https:\/\/hims.ee\/fi\/wp-json\/wp\/v2\/media?parent=2021"}],"curies":[{"name":"wp","href":"https:\/\/api.w.org\/{rel}","templated":true}]}}