{"id":2030,"date":"2025-10-10T12:08:30","date_gmt":"2025-10-10T12:08:30","guid":{"rendered":"https:\/\/hims.ee\/tootmine\/"},"modified":"2026-02-05T20:43:25","modified_gmt":"2026-02-05T20:43:25","slug":"tootmine","status":"publish","type":"page","link":"https:\/\/hims.ee\/fi\/tootmine\/","title":{"rendered":"Valmistus"},"content":{"rendered":"<div class=\"et_pb_section_0 et_pb_section et_section_regular et_block_section\">\n<div class=\"et_pb_row_0 et_pb_row et_block_row\">\n<div class=\"et_pb_column_0 et_pb_column et_pb_column_4_4 et-last-child et_block_column et_pb_css_mix_blend_mode_passthrough\">\n<div class=\"et_pb_code_0 et_pb_code et_pb_module\"><div class=\"et_pb_code_inner\"><div class=\"video-hero\">\n  <iframe loading=\"lazy\"\n    width=\"560\"\n    height=\"315\"\n    src=\"https:\/\/www.youtube.com\/embed\/A0J8gTgcl2I?rel=0&modestbranding=1&controls=1&fs=1&disablekb=1&playsinline=1&iv_load_policy=3&autoplay=1&mute=1&loop=1&playlist=A0J8gTgcl2I&start=2\"\n    title=\"Video\"\n    referrerpolicy=\"strict-origin-when-cross-origin\"\n    allow=\"autoplay; clipboard-write; encrypted-media; gyroscope; picture-in-picture; web-share\"\n    allowfullscreen\n    style=\"width:100%;aspect-ratio:16\/9;border:0\"\n  ><\/iframe>\n<\/div>\n<\/div><\/div>\n\n<div class=\"et_pb_divider_0 et_pb_divider et_pb_space et_pb_divider_position_top et_pb_module\"><div class=\"et_pb_divider_internal\"><\/div><\/div>\n\n<div class=\"et_pb_text_0 et_pb_text et_pb_bg_layout_light et_pb_module et_block_module\"><div class=\"et_pb_text_inner\"><p>Helmetal IMS O\u00dc:n tuotanto sijaitsee Tihemetsassa, P\u00e4rnun maakunnassa, jossa yrityksell\u00e4 on yli <strong>9 300 m\u00b2<\/strong> tuotantotilaa ja l\u00e4hes <strong>20 000 m\u00b2<\/strong> ulkovarastointialuetta. Tuotantoyksik\u00f6t on varustettu modernilla konekannalla ja siltanostureilla, joiden nostokapasiteetti on jopa <strong>10 tonnia<\/strong>, mik\u00e4 mahdollistaa sek\u00e4 rakennus- ett\u00e4 konepajateollisuuden metallirakenteiden valmistuksen ja k\u00e4sittelyn.<\/p>\n<p>Yrityksen p\u00e4\u00e4toimintoihin kuuluvat <strong>levyleikkaus<\/strong>, <strong>CNC-sorvaus ja jyrsint\u00e4<\/strong>, <strong>taivutus<\/strong>, <strong>hitsaus<\/strong> sek\u00e4 <strong>metallirakenteiden ja laitekomponenttien valmistus<\/strong>. Levyleikkaukseen yritys k\u00e4ytt\u00e4\u00e4 <strong>AJAN CNC plasma- ja kaasuleikkauskonetta<\/strong>; koneistuksessa k\u00e4yt\u00f6ss\u00e4 ovat <strong>DOOSAN PUMA<\/strong> ja <strong>OKUMA<\/strong> -sorvit sek\u00e4 <strong>Hartford<\/strong> ja <strong>Mecof<\/strong> CNC-jyrsinkoneet. Taivutusty\u00f6h\u00f6n k\u00e4yt\u00f6ss\u00e4 on <strong>Ermaksan HAP<\/strong> s\u00e4rm\u00e4yspuristin, jonka kapasiteetti on jopa 200 tonnia.<\/p>\n<p>Tuotantoyksik\u00f6iss\u00e4 on my\u00f6s maalaus- ja viimeistelytilat, raepuhalluskammio pintak\u00e4sittelyyn sek\u00e4 korkeapaineiset maalausj\u00e4rjestelm\u00e4t (Graco, Wagner, D\u00fcrr). Toiminnan tehokkuutta tukevat jopa <strong>1 400 A<\/strong> s\u00e4hk\u00f6kapasiteetti sek\u00e4 nostot ja lastauskalusto, jotka mahdollistavat raskaiden ja suurten kappaleiden k\u00e4sittelyn.<\/p>\n<\/div><\/div>\n\n<div class=\"et_pb_text_1 et_pb_text et_pb_bg_layout_light et_pb_module et_block_module\"><\/div>\n<\/div>\n<\/div>\n<\/div>","protected":false},"excerpt":{"rendered":"","protected":false},"author":1,"featured_media":0,"parent":0,"menu_order":0,"comment_status":"closed","ping_status":"closed","template":"","meta":{"footnotes":""},"class_list":["post-2030","page","type-page","status-publish","hentry"],"_links":{"self":[{"href":"https:\/\/hims.ee\/fi\/wp-json\/wp\/v2\/pages\/2030","targetHints":{"allow":["GET"]}}],"collection":[{"href":"https:\/\/hims.ee\/fi\/wp-json\/wp\/v2\/pages"}],"about":[{"href":"https:\/\/hims.ee\/fi\/wp-json\/wp\/v2\/types\/page"}],"author":[{"embeddable":true,"href":"https:\/\/hims.ee\/fi\/wp-json\/wp\/v2\/users\/1"}],"replies":[{"embeddable":true,"href":"https:\/\/hims.ee\/fi\/wp-json\/wp\/v2\/comments?post=2030"}],"version-history":[{"count":5,"href":"https:\/\/hims.ee\/fi\/wp-json\/wp\/v2\/pages\/2030\/revisions"}],"predecessor-version":[{"id":2201,"href":"https:\/\/hims.ee\/fi\/wp-json\/wp\/v2\/pages\/2030\/revisions\/2201"}],"wp:attachment":[{"href":"https:\/\/hims.ee\/fi\/wp-json\/wp\/v2\/media?parent=2030"}],"curies":[{"name":"wp","href":"https:\/\/api.w.org\/{rel}","templated":true}]}}