{"id":2123,"date":"2025-10-15T09:22:37","date_gmt":"2025-10-15T09:22:37","guid":{"rendered":"https:\/\/hims.ee\/loppkoostamine\/"},"modified":"2026-02-05T20:41:57","modified_gmt":"2026-02-05T20:41:57","slug":"loppkoostamine","status":"publish","type":"page","link":"https:\/\/hims.ee\/sv\/loppkoostamine\/","title":{"rendered":"Slutmontering"},"content":{"rendered":"<div class=\"et_pb_section_0 et_pb_section et_section_regular et_block_section\">\n<div class=\"et_pb_row_0 et_pb_row et_block_row\">\n<div class=\"et_pb_column_0 et_pb_column et_pb_column_4_4 et-last-child et_block_column et_pb_css_mix_blend_mode_passthrough\">\n<div class=\"et_pb_code_0 et_pb_code et_pb_module\"><div class=\"et_pb_code_inner\"><div class=\"video-hero\">\n  <iframe loading=\"lazy\"\n    width=\"560\"\n    height=\"315\"\n    src=\"https:\/\/www.youtube.com\/embed\/XFmVewfp1nY?rel=0&modestbranding=1&controls=1&fs=1&disablekb=1&playsinline=1&iv_load_policy=3&autoplay=1&mute=1&loop=1\"\n    title=\"Video\"\n    referrerpolicy=\"strict-origin-when-cross-origin\"\n    allow=\"autoplay; clipboard-write; encrypted-media; gyroscope; picture-in-picture; web-share\"\n    allowfullscreen\n    style=\"width:100%;aspect-ratio:16\/9;border:0\"\n  ><\/iframe>\n<\/div>\n<\/div><\/div>\n\n<div class=\"et_pb_divider_0 et_pb_divider et_pb_space et_pb_divider_position_top et_pb_module\"><div class=\"et_pb_divider_internal\"><\/div><\/div>\n\n<div class=\"et_pb_text_0 et_pb_text et_pb_bg_layout_light et_pb_module et_block_module\"><div class=\"et_pb_text_inner\"><h3>Slutmontering vid anl\u00e4ggningen i P\u00e4ri<\/h3>\n<p>Enheten i P\u00e4ri \u00e4r utrustad med den lyft- och produktionskapacitet som kr\u00e4vs f\u00f6r slutmontering, vilket m\u00f6jligg\u00f6r montering av stora metallkonstruktioner och utrustning.<br \/>\nI monteringshallarna finns <strong>en maximal lyftkapacitet p\u00e5 upp till 20 ton<\/strong>, och omr\u00e5det m\u00f6jligg\u00f6r lastningsarbeten med <strong>gaffeltruck med en kapacitet p\u00e5 upp till 5,7 ton<\/strong>.<\/p>\n<p>P\u00e5litlighet och precision s\u00e4kerst\u00e4lls av en <strong>station\u00e4r hydraulaggregat (350 bar \/ 300 L\/min)<\/strong>, en <strong>r\u00f6rbockningsmaskin f\u00f6r hydraulr\u00f6r upp till \u00d842<\/strong>, en <strong>press f\u00f6r slangkrimpning<\/strong> samt en <strong>Walform-press f\u00f6r formning av r\u00f6r\u00e4ndar<\/strong>.<br \/>\nDessutom finns all n\u00f6dv\u00e4ndig utrustning f\u00f6r mekanisk, hydraulisk och elektrisk montering samt systemtestning.<\/p>\n<p>Produktionsmilj\u00f6n i P\u00e4ri \u00e4r utformad f\u00f6r att st\u00f6dja slutmontering av stora projekt, d\u00e4r precision, arbetss\u00e4kerhet och effektivt samarbete mellan produktionsstegen \u00e4r avg\u00f6rande.<\/p>\n<\/div><\/div>\n<\/div>\n<\/div>\n<\/div>","protected":false},"excerpt":{"rendered":"","protected":false},"author":1,"featured_media":0,"parent":0,"menu_order":0,"comment_status":"closed","ping_status":"closed","template":"","meta":{"footnotes":""},"class_list":["post-2123","page","type-page","status-publish","hentry"],"_links":{"self":[{"href":"https:\/\/hims.ee\/sv\/wp-json\/wp\/v2\/pages\/2123","targetHints":{"allow":["GET"]}}],"collection":[{"href":"https:\/\/hims.ee\/sv\/wp-json\/wp\/v2\/pages"}],"about":[{"href":"https:\/\/hims.ee\/sv\/wp-json\/wp\/v2\/types\/page"}],"author":[{"embeddable":true,"href":"https:\/\/hims.ee\/sv\/wp-json\/wp\/v2\/users\/1"}],"replies":[{"embeddable":true,"href":"https:\/\/hims.ee\/sv\/wp-json\/wp\/v2\/comments?post=2123"}],"version-history":[{"count":5,"href":"https:\/\/hims.ee\/sv\/wp-json\/wp\/v2\/pages\/2123\/revisions"}],"predecessor-version":[{"id":2198,"href":"https:\/\/hims.ee\/sv\/wp-json\/wp\/v2\/pages\/2123\/revisions\/2198"}],"wp:attachment":[{"href":"https:\/\/hims.ee\/sv\/wp-json\/wp\/v2\/media?parent=2123"}],"curies":[{"name":"wp","href":"https:\/\/api.w.org\/{rel}","templated":true}]}}