{"id":2126,"date":"2025-10-02T13:10:42","date_gmt":"2025-10-02T13:10:42","guid":{"rendered":"https:\/\/hims.ee\/firmast\/"},"modified":"2026-01-25T18:37:28","modified_gmt":"2026-01-25T18:37:28","slug":"firmast","status":"publish","type":"page","link":"https:\/\/hims.ee\/sv\/firmast\/","title":{"rendered":"Om f\u00f6retaget"},"content":{"rendered":"<div class=\"et_pb_section_0 et_pb_section et_section_regular et_block_section\">\n<div class=\"et_pb_row_0 et_pb_row et_block_row\">\n<div class=\"et_pb_column_0 et_pb_column et_pb_column_4_4 et-last-child et_block_column et_pb_css_mix_blend_mode_passthrough\">\n<div class=\"et_pb_text_0 et_pb_text et_pb_bg_layout_light et_pb_module et_flex_module\"><div class=\"et_pb_text_inner\"><h2>Certifikat<\/h2>\n<p>O\u00dc Helmetal IMS grundades 2004 med hj\u00e4lp av estniskt privatkapital och inledde verksamheten med att tillverka kraftanl\u00e4ggningar. Idag har aktiviteterna expanderat h\u00f6gst avsev\u00e4rt. Med m\u00e5ls\u00e4ttningen att utveckla v\u00e5rt f\u00f6retag och tillverkning har vi under \u00e5ren anskaffat en m\u00e4ngd olika arbetsb\u00e4nkar och anst\u00e4llt kvalificerade specialister. I dag kan vi d\u00e4rf\u00f6r tillhandah\u00e5lla v\u00e5ra kunder h\u00f6gkvalitativa tj\u00e4nster inom sektorn metallbearbetning. V\u00e5ra grundaktiviteter inkluderar tillverkning av metallkonstruktioner och maskindelar, pl\u00e5tbearbetning och installation av specialanpassade konstruktioner i kundens anl\u00e4ggning.<\/p>\n<p>O\u00dc Helmetal IMS grundl\u00e4ggande m\u00e5ls\u00e4ttningar inkluderar ett stort utbud tj\u00e4nster av h\u00f6gsta kvalitet p\u00e5 tillverkningsmarknaden och erforderlig flexibilitet f\u00f6r att uppfylla kundens alla f\u00f6rv\u00e4ntningar.<\/p>\n<p>Vi vill g\u00e4rna vara ditt f\u00f6retags tillm\u00f6tesg\u00e5ende och trov\u00e4rdiga partner till vilken du alltid kan v\u00e4nda dig!<\/p>\n<p>F\u00f6retaget \u00e4r certifierat enligt EN ISO 1090-1, EN ISO 9001 och EN ISO 3848-3.<\/p>\n<\/div><\/div>\n<\/div>\n<\/div>\n\n<div class=\"et_pb_row_1 et_pb_row et_flex_row\">\n<div class=\"et_pb_column_1 et_pb_column et_flex_column et_pb_css_mix_blend_mode_passthrough et_flex_column_24_24 et_flex_column_24_24_tablet et_flex_column_24_24_phone\">\n<div class=\"et_pb_image_0 et_pb_image et_pb_module et_flex_module\"><a href=\"\/wp-content\/uploads\/2025\/11\/EC-Cert_Helmetal-IMS-OU_2023.pdf\" target=\"_blank\"><span class=\"et_pb_image_wrap\"><img loading=\"lazy\" decoding=\"async\" src=\"https:\/\/hims.ee\/wp-content\/uploads\/2025\/11\/EC-Cert_Helmetal-IMS-OU_2023-724x1024.png\" width=\"724\" height=\"1024\" sizes=\"(min-width: 0px) and (max-width: 480px) 480px, (min-width: 481px) 724px, 100vw\" class=\"wp-image-1938\" \/><\/span><\/a><\/div>\n<\/div>\n\n<div class=\"et_pb_column_2 et_pb_column et_flex_column et_pb_css_mix_blend_mode_passthrough et_flex_column_24_24 et_flex_column_24_24_tablet et_flex_column_24_24_phone\">\n<div class=\"et_pb_image_1 et_pb_image et_pb_module et_flex_module\"><a href=\"\/wp-content\/uploads\/2025\/11\/ISO-3834_Helmetal-OU_2023.pdf\" target=\"_blank\"><span class=\"et_pb_image_wrap\"><img loading=\"lazy\" decoding=\"async\" src=\"https:\/\/hims.ee\/wp-content\/uploads\/2025\/11\/ISO-3834_Helmetal-OU_2023-1-724x1024.png\" width=\"724\" height=\"1024\" sizes=\"(min-width: 0px) and (max-width: 480px) 480px, (min-width: 481px) 724px, 100vw\" class=\"wp-image-1940\" \/><\/span><\/a><\/div>\n<\/div>\n\n<div class=\"et_pb_column_3 et_pb_column et_flex_column et_pb_css_mix_blend_mode_passthrough et_flex_column_24_24 et_flex_column_24_24_tablet et_flex_column_24_24_phone\">\n<div class=\"et_pb_image_2 et_pb_image et_pb_module et_flex_module\"><a href=\"\/wp-content\/uploads\/2025\/11\/Welding-Cert_Helmetal-IMS-OU_2023.pdf\" target=\"_blank\"><span class=\"et_pb_image_wrap\"><img loading=\"lazy\" decoding=\"async\" src=\"https:\/\/hims.ee\/wp-content\/uploads\/2025\/11\/Welding-Cert_Helmetal-IMS-OU_2023-724x1024.png\" width=\"724\" height=\"1024\" sizes=\"(min-width: 0px) and (max-width: 480px) 480px, (min-width: 481px) 724px, 100vw\" class=\"wp-image-1942\" \/><\/span><\/a><\/div>\n<\/div>\n\n<div class=\"et_pb_column_4 et_pb_column et-last-child et_flex_column et_pb_css_mix_blend_mode_passthrough et_flex_column_24_24 et_flex_column_24_24_tablet et_flex_column_24_24_phone\">\n<div class=\"et_pb_image_3 et_pb_image et_pb_module et_flex_module\"><a href=\"http:\/\/wp-content\/uploads\/2026\/01\/ISO_9001-ENG-10000334573-MSC-FINAS-EST-2-20260119.pdf\" target=\"_blank\"><span class=\"et_pb_image_wrap\"><img loading=\"lazy\" decoding=\"async\" src=\"https:\/\/hims.ee\/wp-content\/uploads\/2025\/11\/ISO-9001-10000334573-MSC-FINAS-EST-1-en-US-20221207-20221207062518-1jpg-1.jpg\" width=\"1000\" height=\"1657\" srcset=\"https:\/\/hims.ee\/wp-content\/uploads\/2025\/11\/ISO-9001-10000334573-MSC-FINAS-EST-1-en-US-20221207-20221207062518-1jpg-1.jpg 1000w, https:\/\/hims.ee\/wp-content\/uploads\/2025\/11\/ISO-9001-10000334573-MSC-FINAS-EST-1-en-US-20221207-20221207062518-1jpg-1-980x1624.jpg 980w, https:\/\/hims.ee\/wp-content\/uploads\/2025\/11\/ISO-9001-10000334573-MSC-FINAS-EST-1-en-US-20221207-20221207062518-1jpg-1-480x795.jpg 480w\" sizes=\"(min-width: 0px) and (max-width: 480px) 480px, (min-width: 481px) and (max-width: 980px) 980px, (min-width: 981px) 1000px, 100vw\" class=\"wp-image-1998\" \/><\/span><\/a><\/div>\n<\/div>\n<\/div>\n\n<div class=\"et_pb_row_2 et_pb_row et_flex_row\">\n<div class=\"et_pb_column_5 et_pb_column et-last-child et_flex_column et_pb_css_mix_blend_mode_passthrough et_flex_column_24_24 et_flex_column_24_24_tablet et_flex_column_24_24_phone\">\n<div class=\"et_pb_text_1 et_pb_text et_pb_bg_layout_light et_pb_module et_flex_module\"><div class=\"et_pb_text_inner\"><h2>Supplier code of conduct<br \/>\n<\/h2>\n<p><span>Helmetal IMS O\u00dc suppliers code of conduct can be found\u00a0<\/span><a href=\"\/wp-content\/uploads\/2025\/11\/HIMS-tarnijate-kaitumiskoodeks_EN.pdf\" target=\"blank\" rel=\"noopener\">here<\/a><span>.<\/span><\/p>\n<\/div><\/div>\n<\/div>\n<\/div>\n\n<div class=\"et_pb_row_3 et_pb_row et_flex_row\">\n<div class=\"et_pb_column_6 et_pb_column et-last-child et_flex_column et_pb_css_mix_blend_mode_passthrough et_flex_column_24_24 et_flex_column_24_24_tablet et_flex_column_24_24_phone\">\n<div class=\"et_pb_text_2 et_pb_text et_pb_bg_layout_light et_pb_module et_flex_module\"><div class=\"et_pb_text_inner\"><h2>Privacy policy<\/h2>\n<p><span>Helmetal IMS O\u00dc\u2019s privacy policy can be found <\/span><a href=\"\/en\/privaatsustingimused\/\" target=\"blank\" rel=\"noopener\">here<\/a><span>.<\/span><\/p>\n<\/div><\/div>\n<\/div>\n<\/div>\n<\/div>","protected":false},"excerpt":{"rendered":"","protected":false},"author":1,"featured_media":0,"parent":0,"menu_order":0,"comment_status":"closed","ping_status":"closed","template":"","meta":{"footnotes":""},"class_list":["post-2126","page","type-page","status-publish","hentry"],"_links":{"self":[{"href":"https:\/\/hims.ee\/sv\/wp-json\/wp\/v2\/pages\/2126","targetHints":{"allow":["GET"]}}],"collection":[{"href":"https:\/\/hims.ee\/sv\/wp-json\/wp\/v2\/pages"}],"about":[{"href":"https:\/\/hims.ee\/sv\/wp-json\/wp\/v2\/types\/page"}],"author":[{"embeddable":true,"href":"https:\/\/hims.ee\/sv\/wp-json\/wp\/v2\/users\/1"}],"replies":[{"embeddable":true,"href":"https:\/\/hims.ee\/sv\/wp-json\/wp\/v2\/comments?post=2126"}],"version-history":[{"count":4,"href":"https:\/\/hims.ee\/sv\/wp-json\/wp\/v2\/pages\/2126\/revisions"}],"predecessor-version":[{"id":2190,"href":"https:\/\/hims.ee\/sv\/wp-json\/wp\/v2\/pages\/2126\/revisions\/2190"}],"wp:attachment":[{"href":"https:\/\/hims.ee\/sv\/wp-json\/wp\/v2\/media?parent=2126"}],"curies":[{"name":"wp","href":"https:\/\/api.w.org\/{rel}","templated":true}]}}