{"id":2129,"date":"2025-11-27T15:45:34","date_gmt":"2025-11-27T15:45:34","guid":{"rendered":"https:\/\/hims.ee\/home_en\/"},"modified":"2025-12-09T20:14:38","modified_gmt":"2025-12-09T20:14:38","slug":"home_en","status":"publish","type":"page","link":"https:\/\/hims.ee\/sv\/","title":{"rendered":"Hem"},"content":{"rendered":"<div class=\"et_pb_section_0 et_pb_section et_section_regular et_flex_section\">\n<div class=\"et_pb_row_0 et_pb_row et_flex_row\">\n<div class=\"et_pb_column_0 et_pb_column et-last-child et_flex_column et_pb_css_mix_blend_mode_passthrough et_flex_column_24_24 et_flex_column_24_24_tablet et_flex_column_24_24_phone\">\n<div class=\"et_pb_code_0 et_pb_code et_pb_module\"><div class=\"et_pb_code_inner\"><div class=\"hero-bleed\">\n  <div class=\"hero-video-wrap\">\n    <video\n      src=\"\/wp-content\/uploads\/2025\/10\/hero-sector-1080p-1.mp4\"\n      playsinline\n      autoplay\n      loop\n      muted\n      preload=\"metadata\"\n      poster=\"\/wp-content\/uploads\/hero-poster.jpg\">\n    <\/video>\n\n    <div class=\"hero-overlay\"><\/div>\n\n    <div class=\"hero-content\">\n      <h1 class=\"hero-title\">\n        <span class=\"hero-kicker\">KVALITATIV<\/span>\n        <span class=\"hero-main\">METALLBEARBETNING<\/span>\n      <\/h1>\n\n      <p class=\"hero-sub\">Fr\u00e5n id\u00e9 till installation \u2013 din vision, v\u00e5r utf\u00f6rande<\/p>\n      <div class=\"hero-cta\">\n        <a href=\"\/sv\/tootmine\/\" class=\"btn btn-primary\">Produktion<\/a>\n        <a href=\"\/sv\/loppkoostamine\" class=\"btn btn-outline\">Montering<\/a>\n        <a href=\"\/sv\/paigaldus\" class=\"btn btn-outline\">Installation<\/a>\n      <\/div>\n    <\/div>\n  <\/div>\n<\/div>\n\n<style>\n.hero-bleed{position:relative;left:50%;right:50%;margin-left:-50vw;margin-right:-50vw;width:100vw}\n.hero-video-wrap{position:relative;width:100%;height:65vh;max-height:800px;overflow:hidden;background:#000}\n.hero-video-wrap video{position:absolute;inset:0;width:100%;height:100%;object-fit:cover;object-position:50% 100%;display:block}\n\n.hero-overlay {\n  position:absolute;\n  inset:0;\n  pointer-events:none;\n  z-index:1;\n  background:\n    linear-gradient(to right, rgba(0,0,0,.86) 0%, rgba(0,0,0,.62) 28%, rgba(0,0,0,.26) 56%, rgba(0,0,0,0) 90%),\n    linear-gradient(to top, rgba(255,255,255,.26) 0%, rgba(255,255,255,.18) 14%, rgba(255,255,255,0) 22%),\n    linear-gradient(to top, rgba(0,0,0,.20) 0%, rgba(0,0,0,0) 32%)\n}\n\n.hero-content {\n  position:absolute;\n  z-index:2;\n  color:#fff;\n  left: 100px;\n  top:50%;\n  transform:translateY(-50%);\n  max-width:min(780px,92vw);\n  display:grid;\n  gap:clamp(14px,1.6vw,18px);\n}\n\n.hero-title{margin:0;line-height:1.02;display:grid;gap:.25em}\n.hero-kicker{\n  display:inline-block;\n  font-weight:800;\n  letter-spacing:.02em;\n  font-size:clamp(28px,5vw,56px);\n  background:#62816e;\n  color:#fff;\n  padding: 10px 25px;\n  width: fit-content;\n  margin-bottom: 12px;\n}\n.hero-main {\n  display:block;\n  font-weight: 800;\n  letter-spacing:.01em;\n  font-size:clamp(28px,5vw,56px);\n  color:#fff;\n}\n\n.hero-sub {\n  margin:0;\n  font-size:clamp(15px,1.6vw,17px);\n  line-height:1.6;\n  color:rgba(255,255,255,.9);\n  max-width:60ch;\n  letter-spacing:.02em;\n  margin-bottom: 8px;\n}\n\n.hero-cta{display:flex;flex-wrap:wrap;gap:12px}\n.btn{\n  display:inline-flex;\n  align-items:center;\n  justify-content:center;\n  height:46px;\n  padding:0 18px;\n  font-weight:700;\n  font-size:15px;\n  letter-spacing:.02em;\n  border-radius:10px;\n  text-decoration:none;\n  color: #fff;\n  transition:transform .15s ease, background-color .15s ease, color .15s ease, border-color .15s ease\n}\n.btn-primary {\n    background: #62816e;\n    color: #fff;\n    border-radius: 0px;\n}\n.btn-primary:hover{transform:translateY(-1px);background:#90a79a;border-color:#90a79a}\n.btn-outline{background:transparent; border-radius: 0px; color:#fff;border:1px solid rgba(255,255,255,.7)}\n.btn-outline:hover{transform:translateY(-1px);background:rgba(255,255,255,.12);border-color:#fff}\n\n@supports (height:100dvh){.hero-video-wrap{height:65dvh}}\n\n@media (max-width:1024px){\n  .hero-video-wrap{height:60vh}\n  .hero-overlay{\n    background:\n      linear-gradient(to right, rgba(0,0,0,.84) 0%, rgba(0,0,0,.62) 30%, rgba(0,0,0,.26) 58%, rgba(0,0,0,0) 92%),\n      linear-gradient(to top, rgba(255,255,255,.26) 0%, rgba(255,255,255,.16) 14%, rgba(255,255,255,0) 24%),\n      linear-gradient(to top, rgba(0,0,0,.22) 0%, rgba(0,0,0,0) 32%)\n  }\n}\n\n@media (max-width:768px){\n  .hero-video-wrap{height:56vh}\n  .hero-overlay{\n    background:\n      linear-gradient(to right, rgba(0,0,0,.9) 0%, rgba(0,0,0,.68) 32%, rgba(0,0,0,.3) 60%, rgba(0,0,0,0) 94%),\n      linear-gradient(to top, rgba(255,255,255,.3) 0%, rgba(255,255,255,.18) 16%, rgba(255,255,255,0) 26%),\n      linear-gradient(to top, rgba(0,0,0,.24) 0%, rgba(0,0,0,0) 34%)\n  }\n  .btn{height:44px;padding:0 16px}\n  \n  \n}\n\n@media (max-width:600px) {\n.hero-content {\n    left:16px !important;\n    padding:24px !important;\n  }\n.hero-kicker {\n    margin-bottom: 8px;\n}\n}\n  \n  \/* Tablet: let video breathe more, use natural ratio *\/\n@media (min-width: 600px) and (max-width: 1024px) {\n  .hero-video-wrap {\n  \theight: 100vh;\n  \tmax-height: none;\n    margin-top: 150px;\n}\n\n  .hero-video-wrap video {\n    position: relative;\n    inset: auto;\n    width: 100%;\n    height: auto;\n    object-fit: cover;\n    object-position: center center;\n    display: block;\n  }\n\n  .hero-content {\n    left: 48px;\n    right: 48px;\n    max-width: 680px;\n  }\n}\n  \n<\/style>\n\n<script>\ndocument.addEventListener('click', e => {\n  const a = e.target.closest('a[href^=\"#\"]');\n  if (!a) return;\n  const id = a.getAttribute('href');\n  const el = document.querySelector(id);\n  if (!el) return;\n  e.preventDefault();\n  el.scrollIntoView({behavior:'smooth', block:'start'});\n});\n<\/script>\n<\/div><\/div>\n<\/div>\n<\/div>\n<\/div>\n\n<div class=\"et_pb_section_1 et_pb_section et_section_regular et_flex_section\">\n<div class=\"et_pb_row_1 et_pb_row et_flex_row\">\n<div class=\"et_pb_column_1 et_pb_column et_flex_column et_pb_css_mix_blend_mode_passthrough et_flex_column_24_24 et_flex_column_24_24_tablet et_flex_column_24_24_phone\">\n<div class=\"et_pb_text_0 et_pb_text et_pb_bg_layout_light et_pb_module et_flex_module\"><div class=\"et_pb_text_inner\"><p><img loading=\"lazy\" decoding=\"async\" src=\"https:\/\/hims.ee\/wp-content\/uploads\/2025\/10\/Aboutabc.png\" width=\"563\" height=\"513\" alt=\"\" class=\"wp-image-766 aligncenter size-full\" srcset=\"https:\/\/hims.ee\/wp-content\/uploads\/2025\/10\/Aboutabc.png 563w, https:\/\/hims.ee\/wp-content\/uploads\/2025\/10\/Aboutabc-480x437.png 480w\" sizes=\"(min-width: 0px) and (max-width: 480px) 480px, (min-width: 481px) 563px, 100vw\" \/><\/p>\n<\/div><\/div>\n\n<div class=\"et_pb_code_1 et_pb_code et_pb_module\"><div class=\"et_pb_code_inner\"><div class=\"experience-module\">\n  <div class=\"experience-date\">\n    <span id=\"exp-badge\" class=\"exp-badge\" data-start=\"2002\"><\/span>\n  <\/div>\n  <div class=\"experience-text\">\u00e5rs erfarenhet<\/div>\n<\/div>\n\n<script>\n(function(){\n  var el = document.getElementById('exp-badge');\n  if(!el) return;\n  var start = parseInt(el.getAttribute('data-start'),10) || 2002;\n  var label = el.getAttribute('data-label') || '\u00e5rs erfarenhet';\n  var years = Math.max(0, new Date().getFullYear() - start);\n  el.textContent = years + '+';\n})();\n<\/script>\n<\/div><\/div>\n<\/div>\n\n<div class=\"et_pb_column_2 et_pb_column et-last-child et_flex_column et_pb_css_mix_blend_mode_passthrough et_flex_column_24_24 et_flex_column_24_24_tablet et_flex_column_24_24_phone\">\n<div class=\"et_pb_text_1 et_pb_text et_pb_bg_layout_light et_pb_module et_flex_module\"><div class=\"et_pb_text_inner\"><h2><strong>En innovativ och p\u00e5litlig partner inom metallbearbetning<\/strong><\/h2>\n<\/div><\/div>\n\n<div class=\"et_pb_text_2 et_pb_text et_pb_bg_layout_light et_pb_module et_flex_module\"><div class=\"et_pb_text_inner\"><p>Helmetal IMS erbjuder tj\u00e4nster inom metallbearbetning p\u00e5 underleverant\u00f6rsbasis. V\u00e5rt m\u00e5l \u00e4r att leverera h\u00f6gsta kvalitet p\u00e5 tillverkningsmarknaden. F\u00f6r oss inneb\u00e4r detta att uppfylla kundernas f\u00f6rv\u00e4ntningar med l\u00e4mpliga leveranstider, tillr\u00e4cklig produktionskapacitet och flexibilitet i tillverkningen av ett brett sortiment av produkter.<br \/>Vi \u00e4r redo att hantera best\u00e4llningar b\u00e5de f\u00f6r akuta behov och l\u00e5ngsiktiga projekt.<\/p>\n<p>V\u00e5r vision \u00e4r att vara ett h\u00f6gt ansett f\u00f6retag inom metallbearbetning och ingenj\u00f6rstj\u00e4nster samt att leverera innovativa produkter till v\u00e5ra kunder.<\/p>\n<\/div><\/div>\n<\/div>\n<\/div>\n<\/div>\n\n<div class=\"et_pb_section_2 et_pb_section et_section_regular et_flex_section\"><\/div>\n\n<div class=\"et_pb_section_3 et_pb_section et_section_regular et_flex_section\">\n<div class=\"et_pb_row_2 et_pb_row et_flex_row\">\n<div class=\"et_pb_column_3 et_pb_column et-last-child et_flex_column et_pb_css_mix_blend_mode_passthrough et_flex_column_24_24 et_flex_column_24_24_tablet et_flex_column_24_24_phone\">\n<div class=\"et_pb_text_3 et_pb_text et_pb_bg_layout_light et_pb_module et_flex_module\"><div class=\"et_pb_text_inner\"><p>V\u00c5RA TJ\u00c4NSTER<\/p>\n<\/div><\/div>\n<\/div>\n<\/div>\n\n<div class=\"et_pb_row_3 et_pb_row et_flex_row\">\n<div class=\"et_pb_column_4 et_pb_column et_flex_column et_pb_css_mix_blend_mode_passthrough et_flex_column_24_24 et_flex_column_24_24_tablet et_flex_column_24_24_phone\">\n<div class=\"et_pb_text_4 et_pb_text et_pb_bg_layout_light et_clickable et_pb_module et_flex_module\"><div class=\"et_pb_text_inner\"><h2 style=\"padding-bottom: 15px !important;\">TILLVERKNING<\/h2>\n<p>Vi erbjuder en komplett tillverkningsl\u00f6sning med modern teknik som s\u00e4kerst\u00e4ller kvalitet, precision och effektivitet i varje steg.<\/p>\n<\/div><\/div>\n\n<div class=\"et_pb_image_0 et_pb_image et_pb_module et_flex_module\"><a href=\"https:\/\/hims.ee\/sv\/tootmine\/\"><span class=\"et_pb_image_wrap\"><img loading=\"lazy\" decoding=\"async\" src=\"https:\/\/hims.ee\/wp-content\/uploads\/2025\/10\/1_700-1.png\" width=\"700\" height=\"467\" srcset=\"https:\/\/hims.ee\/wp-content\/uploads\/2025\/10\/1_700-1.png 700w, https:\/\/hims.ee\/wp-content\/uploads\/2025\/10\/1_700-1-480x320.png 480w\" sizes=\"(min-width: 0px) and (max-width: 480px) 480px, (min-width: 481px) 700px, 100vw\" class=\"wp-image-813\" \/><\/span><\/a><\/div>\n<\/div>\n\n<div class=\"et_pb_column_5 et_pb_column et_flex_column et_pb_css_mix_blend_mode_passthrough et_flex_column_24_24 et_flex_column_24_24_tablet et_flex_column_24_24_phone\">\n<div class=\"et_pb_text_5 et_pb_text et_pb_bg_layout_light et_clickable et_pb_module et_flex_module\"><div class=\"et_pb_text_inner\"><h2 style=\"padding-bottom: 15px !important;\">SLUTMONTERING<\/h2>\n<p>Helmetal IMS erbjuder sina kunder en komplett tillverkningstj\u00e4nst som, f\u00f6rutom metallbearbetning och installation, \u00e4ven inkluderar slutmontering.<\/p>\n<\/div><\/div>\n\n<div class=\"et_pb_image_1 et_pb_image et_pb_module et_flex_module\"><a href=\"https:\/\/hims.ee\/sv\/loppkoostamine\/\"><span class=\"et_pb_image_wrap\"><img loading=\"lazy\" decoding=\"async\" src=\"https:\/\/hims.ee\/wp-content\/uploads\/2025\/10\/koostamine2-1.png\" width=\"700\" height=\"467\" srcset=\"https:\/\/hims.ee\/wp-content\/uploads\/2025\/10\/koostamine2-1.png 700w, https:\/\/hims.ee\/wp-content\/uploads\/2025\/10\/koostamine2-1-480x320.png 480w\" sizes=\"(min-width: 0px) and (max-width: 480px) 480px, (min-width: 481px) 700px, 100vw\" class=\"wp-image-1256\" \/><\/span><\/a><\/div>\n<\/div>\n\n<div class=\"et_pb_column_6 et_pb_column et-last-child et_flex_column et_pb_css_mix_blend_mode_passthrough et_flex_column_24_24 et_flex_column_24_24_tablet et_flex_column_24_24_phone\">\n<div class=\"et_pb_text_6 et_pb_text et_pb_bg_layout_light et_clickable et_pb_module et_flex_module\"><div class=\"et_pb_text_inner\"><h2 style=\"padding-bottom: 15px !important;\">INSTALLATION<\/h2>\n<p>En p\u00e5litlig partner f\u00f6r installation av metallkonstruktioner p\u00e5 plats b\u00e5de i Estland och utomlands.<\/p>\n<\/div><\/div>\n\n<div class=\"et_pb_image_2 et_pb_image et_pb_module et_flex_module\"><a href=\"https:\/\/hims.ee\/sv\/paigaldus\/\"><span class=\"et_pb_image_wrap\"><img loading=\"lazy\" decoding=\"async\" src=\"https:\/\/hims.ee\/wp-content\/uploads\/2025\/10\/700x467.png\" width=\"700\" height=\"467\" srcset=\"https:\/\/hims.ee\/wp-content\/uploads\/2025\/10\/700x467.png 700w, https:\/\/hims.ee\/wp-content\/uploads\/2025\/10\/700x467-480x320.png 480w\" sizes=\"(min-width: 0px) and (max-width: 480px) 480px, (min-width: 481px) 700px, 100vw\" class=\"wp-image-823\" \/><\/span><\/a><\/div>\n<\/div>\n<\/div>\n<\/div>\n\n<div class=\"et_pb_section_4 et_pb_section et_section_regular et_flex_section\">\n<div class=\"et_pb_row_4 et_pb_row et_flex_row\">\n<div class=\"et_pb_column_7 et_pb_column et_flex_column et_pb_css_mix_blend_mode_passthrough et_flex_column_24_24 et_flex_column_24_24_tablet et_flex_column_24_24_phone\">\n<div class=\"et_pb_image_3 et_pb_image et_pb_module et_flex_module\"><span class=\"et_pb_image_wrap\"><img loading=\"lazy\" decoding=\"async\" src=\"https:\/\/hims.ee\/wp-content\/uploads\/2025\/11\/NextGen_Rahastanud_EL_NextGeneration_ENG_hor_color_RGB-300x123.png\" width=\"300\" height=\"123\" class=\"wp-image-1956\" \/><\/span><\/div>\n<\/div>\n\n<div class=\"et_pb_column_8 et_pb_column et-last-child et_flex_column et_pb_css_mix_blend_mode_passthrough et_flex_column_24_24 et_flex_column_24_24_tablet et_flex_column_24_24_phone\">\n<div class=\"et_pb_text_7 et_pb_text et_pb_bg_layout_light et_pb_module et_flex_module\"><div class=\"et_pb_text_inner\"><p>Project \u201cAcquisition and Deployment of a Power Bank\u201d is funded by the European Union.A battery bank will be purchased, installed, and implemented. The project is financed by the European Union Recovery and Resilience Fund NextGenerationEU (RRF) with 210 090 euros.<\/p>\n<\/div><\/div>\n<\/div>\n<\/div>\n<\/div>","protected":false},"excerpt":{"rendered":"","protected":false},"author":1,"featured_media":0,"parent":0,"menu_order":0,"comment_status":"closed","ping_status":"closed","template":"","meta":{"footnotes":""},"class_list":["post-2129","page","type-page","status-publish","hentry"],"_links":{"self":[{"href":"https:\/\/hims.ee\/sv\/wp-json\/wp\/v2\/pages\/2129","targetHints":{"allow":["GET"]}}],"collection":[{"href":"https:\/\/hims.ee\/sv\/wp-json\/wp\/v2\/pages"}],"about":[{"href":"https:\/\/hims.ee\/sv\/wp-json\/wp\/v2\/types\/page"}],"author":[{"embeddable":true,"href":"https:\/\/hims.ee\/sv\/wp-json\/wp\/v2\/users\/1"}],"replies":[{"embeddable":true,"href":"https:\/\/hims.ee\/sv\/wp-json\/wp\/v2\/comments?post=2129"}],"version-history":[{"count":7,"href":"https:\/\/hims.ee\/sv\/wp-json\/wp\/v2\/pages\/2129\/revisions"}],"predecessor-version":[{"id":2181,"href":"https:\/\/hims.ee\/sv\/wp-json\/wp\/v2\/pages\/2129\/revisions\/2181"}],"wp:attachment":[{"href":"https:\/\/hims.ee\/sv\/wp-json\/wp\/v2\/media?parent=2129"}],"curies":[{"name":"wp","href":"https:\/\/api.w.org\/{rel}","templated":true}]}}